{"id":52,"date":"2018-05-03T19:59:15","date_gmt":"2018-05-03T19:59:15","guid":{"rendered":"http:\/\/arsligneadriatica.uniri.hr\/?page_id=52"},"modified":"2018-05-03T23:12:44","modified_gmt":"2018-05-03T22:12:44","slug":"linkovi","status":"publish","type":"page","link":"https:\/\/arsligneadriatica.uniri.hr\/?page_id=52","title":{"rendered":"Linkovi"},"content":{"rendered":"<p><a href=\"http:\/\/www.hrzz.hr\/\">Hrvatska zaklada za znanost (HRZZ)<\/a><\/p>\n<p><a href=\"http:\/\/www.uniri.hr\/\">Sveu\u010dili\u0161te u Rijeci (UNIRI)<\/a><\/p>\n<p><a href=\"http:\/\/www.ffri.uniri.hr\/hr\/\">Filozofski fakultet Sveu\u010dili\u0161ta u Rijeci (FFRI)<\/a><\/p>\n<p><a href=\"http:\/\/cis.ffri.hr\/hr\/pocetna\/\">Centar za ikonografske studije (CIS, FFRI)<\/a><\/p>\n","protected":false},"excerpt":{"rendered":"<p>Hrvatska zaklada za znanost (HRZZ) Sveu\u010dili\u0161te u Rijeci (UNIRI) Filozofski fakultet Sveu\u010dili\u0161ta u Rijeci (FFRI) Centar za ikonografske studije (CIS, FFRI)<\/p>\n","protected":false},"author":2,"featured_media":0,"parent":0,"menu_order":0,"comment_status":"closed","ping_status":"closed","template":"","meta":{"ngg_post_thumbnail":0},"_links":{"self":[{"href":"https:\/\/arsligneadriatica.uniri.hr\/index.php?rest_route=\/wp\/v2\/pages\/52"}],"collection":[{"href":"https:\/\/arsligneadriatica.uniri.hr\/index.php?rest_route=\/wp\/v2\/pages"}],"about":[{"href":"https:\/\/arsligneadriatica.uniri.hr\/index.php?rest_route=\/wp\/v2\/types\/page"}],"author":[{"embeddable":true,"href":"https:\/\/arsligneadriatica.uniri.hr\/index.php?rest_route=\/wp\/v2\/users\/2"}],"replies":[{"embeddable":true,"href":"https:\/\/arsligneadriatica.uniri.hr\/index.php?rest_route=%2Fwp%2Fv2%2Fcomments&post=52"}],"version-history":[{"count":4,"href":"https:\/\/arsligneadriatica.uniri.hr\/index.php?rest_route=\/wp\/v2\/pages\/52\/revisions"}],"predecessor-version":[{"id":93,"href":"https:\/\/arsligneadriatica.uniri.hr\/index.php?rest_route=\/wp\/v2\/pages\/52\/revisions\/93"}],"wp:attachment":[{"href":"https:\/\/arsligneadriatica.uniri.hr\/index.php?rest_route=%2Fwp%2Fv2%2Fmedia&parent=52"}],"curies":[{"name":"wp","href":"https:\/\/api.w.org\/{rel}","templated":true}]}}